{"id":1276,"date":"2016-07-13T11:07:20","date_gmt":"2016-07-13T08:07:20","guid":{"rendered":"https:\/\/packwell.ee\/en\/?page_id=1276"},"modified":"2016-07-13T14:06:42","modified_gmt":"2016-07-13T11:06:42","slug":"kliendi-tagasiside","status":"publish","type":"page","link":"https:\/\/packwell.ee\/en\/kliendi-tagasiside\/","title":{"rendered":"CLIENT&#8217;S FEEDBACK"},"content":{"rendered":"<p><strong>Packages, boxes, cartons&#8230; Find out more about what our clients think of us<\/strong><\/p>\n<p><!--more--><\/p>\n<div class=\"widget widget_woothemes_testimonials\">\n<div class=\"testimonials component effect-fade\">\n<div class=\"testimonials-list\">\n<div id=\"quote-1284\" class=\"quote first no-image\" itemprop=\"review\" itemscope itemtype=\"http:\/\/schema.org\/Review\"><blockquote class=\"testimonials-text\" itemprop=\"reviewBody\"><p>BIP&#8217;s representative appeared to discuss collaboration at just the right moment. Our collaboration has been successful since then. I would point out their prompt response, good communication and their attentive attitude as huge advantage. Our discussion, views and conditions for cooperation were well suited.<\/p>\n<\/blockquote> <cite class=\"author\" itemprop=\"author\" itemscope itemtype=\"http:\/\/schema.org\/Person\"><span itemprop=\"name\">Lisli Pak<\/span> <span class=\"title\" itemprop=\"jobTitle\">Kadarbiku K\u00f6\u00f6givili O\u00dc Project Manager<\/span><!--\/.title-->\n <span class=\"url\"><a href=\"http:\/\/www.mahlad.ee\/\" itemprop=\"url\">http:\/\/www.mahlad.ee\/<\/a><\/span><!--\/.excerpt-->\n<\/cite><!--\/.author-->\n<\/div><div id=\"quote-1283\" class=\"quote\" itemprop=\"review\" itemscope itemtype=\"http:\/\/schema.org\/Review\"><blockquote class=\"testimonials-text\" itemprop=\"reviewBody\"><p>Collaboration with Hedi and BIP is pleasant and productive. We developed an innovative packaging for Mamma family soups in summer 2015: packaging with a handle for a 2kg pack of soup. <!--more-->We enjoyed seamless communication during the project. We found a solution together with their support and advice as each new challenge arose during the project.<\/p>\n<\/blockquote><a href=\"http:\/\/www.mamma.ee\/\" class=\"avatar-link\"><img loading=\"lazy\" decoding=\"async\" width=\"50\" height=\"50\" src=\"\/wp-content\/uploads\/2015\/12\/Ruth-Aarma_Mamma-300x292.jpg\" class=\"avatar wp-post-image\" alt=\"\" srcset=\"https:\/\/packwell.ee\/wp-content\/uploads\/2015\/12\/Ruth-Aarma_Mamma-300x292.jpg 300w, https:\/\/packwell.ee\/wp-content\/uploads\/2015\/12\/Ruth-Aarma_Mamma.jpg 333w\" sizes=\"auto, (max-width: 50px) 100vw, 50px\"><\/a> <cite class=\"author\" itemprop=\"author\" itemscope itemtype=\"http:\/\/schema.org\/Person\"><span itemprop=\"name\">Ruth Aarma<\/span> <span class=\"title\" itemprop=\"jobTitle\">Saarioinen Eesti O\u00dc Marketing Manager<\/span><!--\/.title-->\n <span class=\"url\"><a href=\"http:\/\/www.mamma.ee\/\" itemprop=\"url\">http:\/\/www.mamma.ee\/<\/a><\/span><!--\/.excerpt-->\n<\/cite><!--\/.author-->\n<\/div><div id=\"quote-1282\" class=\"quote last no-image\" itemprop=\"review\" itemscope itemtype=\"http:\/\/schema.org\/Review\"><blockquote class=\"testimonials-text\" itemprop=\"reviewBody\"><p>BIP&#8217;s team was proactive, professional and energetic and offered helpful advice. The best aspect was that their tone was cheerful throughout the whole process. I was totally satisfied with the outcome! I recommend that anyone who is considering or planning some packaging get in touch with BIP!<br \/>\n<!--more--><\/p>\n<p>Remedia is a small Estonian company whose goal is to collaborate with other local businesses as much as possible. We founded BIP\u2019s team due to their similar mindset when we were looking for high quality and beautiful packaging for St\u00f6n Vodka.<\/p>\n<p>The result of our\u00a0collaboration was the best packaging available at a reasonable price.<\/p>\n<p>Contact them and they will support you!<\/p>\n<\/blockquote> <cite class=\"author\" itemprop=\"author\" itemscope itemtype=\"http:\/\/schema.org\/Person\"><span itemprop=\"name\">Helen P\u00e4hkelmann<\/span> <span class=\"title\" itemprop=\"jobTitle\">Remedia AS Sales and Marketing Director<\/span><!--\/.title-->\n <span class=\"url\"><a href=\"http:\/\/www.remedia.e\" itemprop=\"url\">http:\/\/www.remedia.e<\/a><\/span><!--\/.excerpt-->\n<\/cite><!--\/.author-->\n<\/div><\/div><!--\/.testimonials-list-->\n<div class=\"fix\"><\/div>\n<\/div><!--\/.testimonials-->\n<\/div>\n\n","protected":false},"excerpt":{"rendered":"<p>Packages, boxes, cartons&#8230; Find out more about what our clients think of us<\/p>\n","protected":false},"author":5,"featured_media":500,"parent":0,"menu_order":4,"comment_status":"closed","ping_status":"closed","template":"","meta":{"_monsterinsights_skip_tracking":false,"_monsterinsights_sitenote_active":false,"_monsterinsights_sitenote_note":"","_monsterinsights_sitenote_category":0,"footnotes":""},"tags":[],"class_list":["post-1276","page","type-page","status-publish","has-post-thumbnail","hentry"],"yoast_head":"<!-- This site is optimized with the Yoast SEO plugin v25.0 - https:\/\/yoast.com\/wordpress\/plugins\/seo\/ -->\n<title>Packages, boxes, cartons - Client&#039;s Feedback on Balt Impex Paper<\/title>\n<meta name=\"description\" content=\"Packages were perfect! BIP&#039;s team was proactive, professional and energetic and offered helpful advice. I recommend Balt Impex Paper for everyone!\" \/>\n<meta name=\"robots\" content=\"index, follow, max-snippet:-1, max-image-preview:large, max-video-preview:-1\" \/>\n<link rel=\"canonical\" href=\"https:\/\/packwell.ee\/kliendi-tagasiside\/\" \/>\n<meta property=\"og:locale\" content=\"en_US\" \/>\n<meta property=\"og:type\" content=\"article\" \/>\n<meta property=\"og:title\" content=\"Packages, boxes, cartons - Client&#039;s Feedback on Balt Impex Paper\" \/>\n<meta property=\"og:description\" content=\"Packages were perfect! BIP&#039;s team was proactive, professional and energetic and offered helpful advice. I recommend Balt Impex Paper for everyone!\" \/>\n<meta property=\"og:url\" content=\"https:\/\/packwell.ee\/kliendi-tagasiside\/\" \/>\n<meta property=\"og:site_name\" content=\"PACKWELL\" \/>\n<meta property=\"article:modified_time\" content=\"2016-07-13T11:06:42+00:00\" \/>\n<meta property=\"og:image\" content=\"https:\/\/packwell.ee\/wp-content\/uploads\/2015\/11\/Conversation-Bubbles-21.png\" \/>\n\t<meta property=\"og:image:width\" content=\"425\" \/>\n\t<meta property=\"og:image:height\" content=\"282\" \/>\n\t<meta property=\"og:image:type\" content=\"image\/png\" \/>\n<meta name=\"twitter:card\" content=\"summary_large_image\" \/>\n<script type=\"application\/ld+json\" class=\"yoast-schema-graph\">{\"@context\":\"https:\/\/schema.org\",\"@graph\":[{\"@type\":\"WebPage\",\"@id\":\"https:\/\/packwell.ee\/kliendi-tagasiside\/\",\"url\":\"https:\/\/packwell.ee\/kliendi-tagasiside\/\",\"name\":\"Packages, boxes, cartons - Client's Feedback on Balt Impex Paper\",\"isPartOf\":{\"@id\":\"https:\/\/packwell.ee\/#website\"},\"primaryImageOfPage\":{\"@id\":\"https:\/\/packwell.ee\/kliendi-tagasiside\/#primaryimage\"},\"image\":{\"@id\":\"https:\/\/packwell.ee\/kliendi-tagasiside\/#primaryimage\"},\"thumbnailUrl\":\"\/wp-content\/uploads\/2015\/11\/Conversation-Bubbles-21.png\",\"datePublished\":\"2016-07-13T08:07:20+00:00\",\"dateModified\":\"2016-07-13T11:06:42+00:00\",\"description\":\"Packages were perfect! BIP's team was proactive, professional and energetic and offered helpful advice. I recommend Balt Impex Paper for everyone!\",\"breadcrumb\":{\"@id\":\"https:\/\/packwell.ee\/kliendi-tagasiside\/#breadcrumb\"},\"inLanguage\":\"en-US\",\"potentialAction\":[{\"@type\":\"ReadAction\",\"target\":[\"https:\/\/packwell.ee\/kliendi-tagasiside\/\"]}]},{\"@type\":\"ImageObject\",\"inLanguage\":\"en-US\",\"@id\":\"https:\/\/packwell.ee\/kliendi-tagasiside\/#primaryimage\",\"url\":\"\/wp-content\/uploads\/2015\/11\/Conversation-Bubbles-21.png\",\"contentUrl\":\"\/wp-content\/uploads\/2015\/11\/Conversation-Bubbles-21.png\",\"width\":425,\"height\":282},{\"@type\":\"BreadcrumbList\",\"@id\":\"https:\/\/packwell.ee\/kliendi-tagasiside\/#breadcrumb\",\"itemListElement\":[{\"@type\":\"ListItem\",\"position\":1,\"name\":\"Home\",\"item\":\"https:\/\/packwell.ee\/\"},{\"@type\":\"ListItem\",\"position\":2,\"name\":\"CLIENT&#8217;S FEEDBACK\"}]},{\"@type\":\"WebSite\",\"@id\":\"https:\/\/packwell.ee\/#website\",\"url\":\"https:\/\/packwell.ee\/\",\"name\":\"PACKWELL\",\"description\":\"J\u00e4rjekordne WordPressi veebileht\",\"potentialAction\":[{\"@type\":\"SearchAction\",\"target\":{\"@type\":\"EntryPoint\",\"urlTemplate\":\"https:\/\/packwell.ee\/search\/{search_term_string}\"},\"query-input\":{\"@type\":\"PropertyValueSpecification\",\"valueRequired\":true,\"valueName\":\"search_term_string\"}}],\"inLanguage\":\"en-US\"}]}<\/script>\n<!-- \/ Yoast SEO plugin. -->","yoast_head_json":{"title":"Packages, boxes, cartons - Client's Feedback on Balt Impex Paper","description":"Packages were perfect! BIP's team was proactive, professional and energetic and offered helpful advice. I recommend Balt Impex Paper for everyone!","robots":{"index":"index","follow":"follow","max-snippet":"max-snippet:-1","max-image-preview":"max-image-preview:large","max-video-preview":"max-video-preview:-1"},"canonical":"https:\/\/packwell.ee\/kliendi-tagasiside\/","og_locale":"en_US","og_type":"article","og_title":"Packages, boxes, cartons - Client's Feedback on Balt Impex Paper","og_description":"Packages were perfect! BIP's team was proactive, professional and energetic and offered helpful advice. I recommend Balt Impex Paper for everyone!","og_url":"https:\/\/packwell.ee\/kliendi-tagasiside\/","og_site_name":"PACKWELL","article_modified_time":"2016-07-13T11:06:42+00:00","og_image":[{"width":425,"height":282,"url":"https:\/\/packwell.ee\/wp-content\/uploads\/2015\/11\/Conversation-Bubbles-21.png","type":"image\/png"}],"twitter_card":"summary_large_image","schema":{"@context":"https:\/\/schema.org","@graph":[{"@type":"WebPage","@id":"https:\/\/packwell.ee\/kliendi-tagasiside\/","url":"https:\/\/packwell.ee\/kliendi-tagasiside\/","name":"Packages, boxes, cartons - Client's Feedback on Balt Impex Paper","isPartOf":{"@id":"https:\/\/packwell.ee\/#website"},"primaryImageOfPage":{"@id":"https:\/\/packwell.ee\/kliendi-tagasiside\/#primaryimage"},"image":{"@id":"https:\/\/packwell.ee\/kliendi-tagasiside\/#primaryimage"},"thumbnailUrl":"\/wp-content\/uploads\/2015\/11\/Conversation-Bubbles-21.png","datePublished":"2016-07-13T08:07:20+00:00","dateModified":"2016-07-13T11:06:42+00:00","description":"Packages were perfect! BIP's team was proactive, professional and energetic and offered helpful advice. I recommend Balt Impex Paper for everyone!","breadcrumb":{"@id":"https:\/\/packwell.ee\/kliendi-tagasiside\/#breadcrumb"},"inLanguage":"en-US","potentialAction":[{"@type":"ReadAction","target":["https:\/\/packwell.ee\/kliendi-tagasiside\/"]}]},{"@type":"ImageObject","inLanguage":"en-US","@id":"https:\/\/packwell.ee\/kliendi-tagasiside\/#primaryimage","url":"\/wp-content\/uploads\/2015\/11\/Conversation-Bubbles-21.png","contentUrl":"\/wp-content\/uploads\/2015\/11\/Conversation-Bubbles-21.png","width":425,"height":282},{"@type":"BreadcrumbList","@id":"https:\/\/packwell.ee\/kliendi-tagasiside\/#breadcrumb","itemListElement":[{"@type":"ListItem","position":1,"name":"Home","item":"https:\/\/packwell.ee\/"},{"@type":"ListItem","position":2,"name":"CLIENT&#8217;S FEEDBACK"}]},{"@type":"WebSite","@id":"https:\/\/packwell.ee\/#website","url":"https:\/\/packwell.ee\/","name":"PACKWELL","description":"J\u00e4rjekordne WordPressi veebileht","potentialAction":[{"@type":"SearchAction","target":{"@type":"EntryPoint","urlTemplate":"https:\/\/packwell.ee\/search\/{search_term_string}"},"query-input":{"@type":"PropertyValueSpecification","valueRequired":true,"valueName":"search_term_string"}}],"inLanguage":"en-US"}]}},"_links":{"self":[{"href":"https:\/\/packwell.ee\/en\/wp-json\/wp\/v2\/pages\/1276","targetHints":{"allow":["GET"]}}],"collection":[{"href":"https:\/\/packwell.ee\/en\/wp-json\/wp\/v2\/pages"}],"about":[{"href":"https:\/\/packwell.ee\/en\/wp-json\/wp\/v2\/types\/page"}],"author":[{"embeddable":true,"href":"https:\/\/packwell.ee\/en\/wp-json\/wp\/v2\/users\/5"}],"replies":[{"embeddable":true,"href":"https:\/\/packwell.ee\/en\/wp-json\/wp\/v2\/comments?post=1276"}],"version-history":[{"count":13,"href":"https:\/\/packwell.ee\/en\/wp-json\/wp\/v2\/pages\/1276\/revisions"}],"predecessor-version":[{"id":1317,"href":"https:\/\/packwell.ee\/en\/wp-json\/wp\/v2\/pages\/1276\/revisions\/1317"}],"wp:featuredmedia":[{"embeddable":true,"href":"https:\/\/packwell.ee\/en\/wp-json\/wp\/v2\/media\/500"}],"wp:attachment":[{"href":"https:\/\/packwell.ee\/en\/wp-json\/wp\/v2\/media?parent=1276"}],"wp:term":[{"taxonomy":"post_tag","embeddable":true,"href":"https:\/\/packwell.ee\/en\/wp-json\/wp\/v2\/tags?post=1276"}],"curies":[{"name":"wp","href":"https:\/\/api.w.org\/{rel}","templated":true}]}}