{"id":1329,"date":"2016-07-13T20:24:28","date_gmt":"2016-07-13T17:24:28","guid":{"rendered":"https:\/\/packwell.ee\/ru\/?page_id=1329"},"modified":"2016-07-13T20:42:09","modified_gmt":"2016-07-13T17:42:09","slug":"klientide-tagasiside","status":"publish","type":"page","link":"https:\/\/packwell.ee\/ru\/klientide-tagasiside\/","title":{"rendered":"\u041e\u0442\u0437\u044b\u0432\u044b \u043a\u043b\u0438\u0435\u043d\u0442\u043e\u0432"},"content":{"rendered":"<p><strong>\u0417\u0430\u0439\u0434\u0438\u0442\u0435 \u0441\u044e\u0434\u0430, \u0447\u0442\u043e\u0431\u044b \u0431\u043e\u043b\u044c\u0448\u0435 \u0443\u0437\u043d\u0430\u0442\u044c \u043e \u0442\u043e\u043c, \u0447\u0442\u043e \u0434\u0443\u043c\u0430\u044e\u0442 \u043e \u043d\u0430\u0441 \u043a\u043b\u0438\u0435\u043d\u0442\u044b.<\/strong><br \/>\n<!--more--><\/p>\n<div class=\"widget widget_woothemes_testimonials\">\n<div class=\"testimonials component effect-fade\">\n<div class=\"testimonials-list\">\n<div id=\"quote-1333\" class=\"quote first no-image\" itemprop=\"review\" itemscope itemtype=\"http:\/\/schema.org\/Review\"><blockquote class=\"testimonials-text\" itemprop=\"reviewBody\"><p>\u041f\u0440\u0435\u0434\u043f\u0440\u0438\u044f\u0442\u0438\u0435 Kadarbiku \u0433\u043e\u0434 \u043d\u0430\u0437\u0430\u0434 \u0438\u0441\u043a\u0430\u043b\u043e \u043d\u0430\u0434\u0435\u0436\u043d\u0443\u044e \u043a\u043e\u043c\u043f\u0430\u043d\u0438\u044e, \u0437\u0430\u043d\u0438\u043c\u0430\u044e\u0449\u0443\u044e\u0441\u044f \u0443\u043f\u0430\u043a\u043e\u0432\u043a\u0430\u043c\u0438. \u041f\u0440\u0435\u0434\u0441\u0442\u0430\u0432\u0438\u0442\u0435\u043b\u044c BIP \u043f\u0440\u0435\u0434\u043b\u043e\u0436\u0438\u043b \u043e\u0431\u0441\u0443\u0434\u0438\u0442\u044c \u0441 \u043d\u0430\u043c\u0438 \u0441\u043e\u0442\u0440\u0443\u0434\u043d\u0438\u0447\u0435\u0441\u0442\u0432\u043e \u043a\u0430\u043a \u0440\u0430\u0437 \u0432 \u043d\u0443\u0436\u043d\u043e\u0435 \u0432\u0440\u0435\u043c\u044f &#8212; \u0435\u0433\u043e \u0441\u043b\u043e\u0432\u0430, \u0432\u0437\u0433\u043b\u044f\u0434\u044b \u0438 \u0443\u0441\u043b\u043e\u0432\u0438\u044f \u0441\u043e\u0442\u0440\u0443\u0434\u043d\u0438\u0447\u0435\u0441\u0442\u0432\u0430 \u043e\u043a\u0430\u0437\u0430\u043b\u0438\u0441\u044c \u043f\u043e\u0434\u0445\u043e\u0434\u044f\u0449\u0438\u043c\u0438, \u0438 \u0441 \u0442\u0435\u0445 \u043f\u043e\u0440 \u043c\u044b \u0443\u0441\u043f\u0435\u0448\u043d\u043e \u0440\u0430\u0431\u043e\u0442\u0430\u0435\u043c \u0432\u043c\u0435\u0441\u0442\u0435.<\/p>\n<p><!--more-->\u0411\u043e\u043b\u044c\u0448\u0438\u043c \u043f\u043b\u044e\u0441\u043e\u043c \u044f \u0431\u044b \u043d\u0430\u0437\u0432\u0430\u043b\u0430 \u0441\u043a\u043e\u0440\u043e\u0441\u0442\u044c \u0440\u0435\u0430\u0433\u0438\u0440\u043e\u0432\u0430\u043d\u0438\u044f, \u043e\u0431\u043c\u0435\u043d \u0438\u043d\u0444\u043e\u0440\u043c\u0430\u0446\u0438\u0435\u0439 \u0438 \u0441\u043e\u0432\u043c\u0435\u0441\u0442\u043d\u043e\u0435 \u043c\u044b\u0448\u043b\u0435\u043d\u0438\u0435.<\/p>\n<\/blockquote> <cite class=\"author\" itemprop=\"author\" itemscope itemtype=\"http:\/\/schema.org\/Person\"><span itemprop=\"name\">\u041b\u0438\u0441\u043b\u0438 \u041f\u0430\u043a<\/span> <span class=\"title\" itemprop=\"jobTitle\">\u0440\u0443\u043a\u043e\u0432\u043e\u0434\u0438\u0442\u0435\u043b\u044c \u043f\u0440\u043e\u0435\u043a\u0442\u043e\u0432 Kadarbiku K\u00f6\u00f6givili O\u00dc<\/span><!--\/.title-->\n <span class=\"url\"><a href=\"http:\/\/www.mahlad.ee\/\" itemprop=\"url\">http:\/\/www.mahlad.ee\/<\/a><\/span><!--\/.excerpt-->\n<\/cite><!--\/.author-->\n<\/div><div id=\"quote-1332\" class=\"quote\" itemprop=\"review\" itemscope itemtype=\"http:\/\/schema.org\/Review\"><blockquote class=\"testimonials-text\" itemprop=\"reviewBody\"><p>\u0421\u043e\u0442\u0440\u0443\u0434\u043d\u0438\u0447\u0435\u0441\u0442\u0432\u043e c \u0425\u0435\u0434\u0438 \u0438 \u0444\u0438\u0440\u043c\u043e\u0439 BIP \u0431\u044b\u043b\u043e \u043f\u0440\u0438\u044f\u0442\u043d\u044b\u043c \u0438 \u0433\u043b\u0430\u0434\u043a\u0438\u043c. \u041b\u0435\u0442\u043e\u043c 2015 \u0433\u043e\u0434\u0430 \u043c\u044b \u0440\u0430\u0437\u0440\u0430\u0431\u043e\u0442\u0430\u043b\u0438 \u0432\u043c\u0435\u0441\u0442\u0435 \u0441 \u043d\u0438\u043c\u0438 \u0438\u043d\u043d\u043e\u0432\u0430\u0446\u0438\u043e\u043d\u043d\u0443\u044e \u0443\u043f\u0430\u043a\u043e\u0432\u043a\u0443 \u0434\u043b\u044f \u0441\u0435\u043c\u0435\u0439\u043d\u044b\u0445 \u0441\u0443\u043f\u043e\u0432 Mamma: \u0443\u043f\u0430\u043a\u043e\u0432\u043a\u0430 \u0441 \u0440\u0443\u0447\u043a\u043e\u0439 \u0434\u043b\u044f 2-\u0445 \u043a\u0438\u043b\u043e\u0433\u0440\u0430\u043c\u043c\u043e\u0432\u043e\u0433\u043e \u043f\u0430\u043a\u0435\u0442\u0430 \u0441\u0443\u043f\u0430.<\/p>\n<p><!--more-->\u0412 \u0440\u0430\u043c\u043a\u0430\u0445 \u043f\u0440\u043e\u0435\u043a\u0442\u0430 \u043c\u044b \u0431\u0435\u0441\u043f\u0440\u043e\u0431\u043b\u0435\u043c\u043d\u043e \u043e\u0431\u043c\u0435\u043d\u0438\u0432\u0430\u043b\u0438\u0441\u044c \u0438\u043d\u0444\u043e\u0440\u043c\u0430\u0446\u0438\u0435\u0439, \u043f\u0440\u0438 \u0432\u043e\u0437\u043d\u0438\u043a\u043d\u043e\u0432\u0435\u043d\u0438\u0438 \u043d\u043e\u0432\u044b\u0445 \u043f\u0440\u043e\u0431\u043b\u0435\u043c \u043d\u0430\u0445\u043e\u0434\u0438\u043b\u0438 \u0440\u0435\u0448\u0435\u043d\u0438\u0435 \u043e\u0431\u0449\u0438\u043c\u0438 \u0441\u0438\u043b\u0430\u043c\u0438.<\/p>\n<\/blockquote><a href=\"http:\/\/www.mamma.ee\/\" class=\"avatar-link\"><img loading=\"lazy\" decoding=\"async\" width=\"50\" height=\"50\" src=\"\/wp-content\/uploads\/2015\/12\/Ruth-Aarma_Mamma-300x292.jpg\" class=\"avatar wp-post-image\" alt=\"\" srcset=\"https:\/\/packwell.ee\/wp-content\/uploads\/2015\/12\/Ruth-Aarma_Mamma-300x292.jpg 300w, https:\/\/packwell.ee\/wp-content\/uploads\/2015\/12\/Ruth-Aarma_Mamma.jpg 333w\" sizes=\"auto, (max-width: 50px) 100vw, 50px\"><\/a> <cite class=\"author\" itemprop=\"author\" itemscope itemtype=\"http:\/\/schema.org\/Person\"><span itemprop=\"name\">\u0420\u0443\u0442\u044c \u0410\u0430\u0440\u043c\u0430<\/span> <span class=\"title\" itemprop=\"jobTitle\">\u0434\u0438\u0440\u0435\u043a\u0442\u043e\u0440 \u043f\u043e \u043c\u0430\u0440\u043a\u0435\u0442\u0438\u043d\u0433\u0443 Saarioinen Eesti O\u00dc<\/span><!--\/.title-->\n <span class=\"url\"><a href=\"http:\/\/www.mamma.ee\/\" itemprop=\"url\">http:\/\/www.mamma.ee\/<\/a><\/span><!--\/.excerpt-->\n<\/cite><!--\/.author-->\n<\/div><div id=\"quote-1331\" class=\"quote last no-image\" itemprop=\"review\" itemscope itemtype=\"http:\/\/schema.org\/Review\"><blockquote class=\"testimonials-text\" itemprop=\"reviewBody\"><p>\u041a\u043e\u043c\u0430\u043d\u0434\u0430 BIP \u0434\u0435\u0439\u0441\u0442\u0432\u043e\u0432\u0430\u043b\u0430 \u043e\u043f\u0435\u0440\u0430\u0442\u0438\u0432\u043d\u043e, \u043f\u0440\u043e\u0444\u0435\u0441\u0441\u0438\u043e\u043d\u0430\u043b\u044c\u043d\u043e, \u0430\u043a\u0442\u0438\u0432\u043d\u043e \u0438 \u043f\u043e\u043c\u043e\u0433\u0430\u043b\u0430 \u0441\u043e\u0432\u0435\u0442\u043e\u043c. \u0421\u0430\u043c\u044b\u043c \u0437\u0430\u043c\u0435\u0447\u0430\u0442\u0435\u043b\u044c\u043d\u044b\u043c \u0431\u044b\u043b\u043e \u0442\u043e, \u0447\u0442\u043e \u0432 \u0442\u0435\u0447\u0435\u043d\u0438\u0435 \u0432\u0441\u0435\u0433\u043e \u043f\u0435\u0440\u0438\u043e\u0434\u0430, \u043f\u043e\u043a\u0430 \u0448\u0435\u043b \u043f\u0440\u043e\u0446\u0435\u0441\u0441, \u043d\u0430\u0441\u0442\u0440\u043e\u0435\u043d\u0438\u0435 \u0431\u044b\u043b\u043e \u0440\u0430\u0434\u043e\u0441\u0442\u043d\u044b\u043c. \u0420\u0435\u0437\u0443\u043b\u044c\u0442\u0430\u0442\u043e\u043c \u044f \u043e\u0441\u0442\u0430\u043b\u0441\u044f \u043e\u0447\u0435\u043d\u044c \u0434\u043e\u0432\u043e\u043b\u0435\u043d!<\/p>\n<p><!--more--><\/p>\n<p>Remedia &#8212; \u044d\u0442\u043e \u043d\u0435\u0431\u043e\u043b\u044c\u0448\u0430\u044f \u044d\u0441\u0442\u043e\u043d\u0441\u043a\u0430\u044f \u043a\u043e\u043c\u043f\u0430\u043d\u0438\u044f, \u0446\u0435\u043b\u044c\u044e \u043a\u043e\u0442\u043e\u0440\u043e\u0439 \u044f\u0432\u043b\u044f\u0435\u0442\u0441\u044f \u043c\u0430\u043a\u0441\u0438\u043c\u0430\u043b\u044c\u043d\u043e\u0435 \u0441\u043e\u0442\u0440\u0443\u0434\u043d\u0438\u0447\u0435\u0441\u0442\u0432\u043e \u0441 \u0434\u0440\u0443\u0433\u0438\u043c\u0438 \u043c\u0435\u0441\u0442\u043d\u044b\u043c\u0438 \u043f\u0440\u0435\u0434\u043f\u0440\u0438\u044f\u0442\u0438\u044f\u043c\u0438. \u041d\u0430\u0448 \u043e\u0431\u0440\u0430\u0437 \u043c\u044b\u0448\u043b\u0435\u043d\u0438\u044f \u043f\u0440\u0438\u0432\u0435\u043b \u043d\u0430\u0441 \u043a \u043a\u043e\u043c\u0430\u043d\u0434\u0435 BIP \u0432 \u0442\u043e \u0432\u0440\u0435\u043c\u044f, \u043a\u043e\u0433\u0434\u0430 \u043c\u044b \u0438\u0441\u043a\u0430\u043b\u0438 \u043a\u0430\u0447\u0435\u0441\u0442\u0432\u0435\u043d\u043d\u0443\u044e \u0438 \u043a\u0440\u0430\u0441\u0438\u0432\u0443\u044e \u0443\u043f\u0430\u043a\u043e\u0432\u043a\u0443 \u0434\u043b\u044f \u0432\u043e\u0434\u043a\u0438 St\u00f6n.<\/p>\n<p>\u0420\u0435\u043a\u043e\u043c\u0435\u043d\u0434\u0443\u044e \u0432\u0441\u0435\u043c, \u043a\u043e\u043c\u0443 \u043d\u0443\u0436\u043d\u0430 \u0443\u043f\u0430\u043a\u043e\u0432\u043a\u0430 \u0438\u043b\u0438 \u0443 \u043a\u043e\u0433\u043e \u0438\u043c\u0435\u0435\u0442\u0441\u044f \u0438\u0434\u0435\u044f \u0443\u043f\u0430\u043a\u043e\u0432\u043a\u0438 &#8212; \u0441\u0432\u044f\u0436\u0438\u0442\u0435\u0441\u044c \u0441 BIP, \u0438 \u0432 \u0441\u043e\u0442\u0440\u0443\u0434\u043d\u0438\u0447\u0435\u0441\u0442\u0432\u0435 \u0441 \u043d\u0438\u043c\u0438 \u0440\u043e\u0434\u0438\u0442\u0441\u044f \u0441\u0430\u043c\u0430\u044f \u043f\u0440\u0430\u0432\u0438\u043b\u044c\u043d\u0430\u044f \u0438 \u043d\u0430\u0438\u043b\u0443\u0447\u0448\u0430\u044f \u0443\u043f\u0430\u043a\u043e\u0432\u043a\u0430 \u0434\u043b\u044f \u0412\u0430\u0448\u0435\u0439 \u0444\u0438\u0440\u043c\u044b.<\/p>\n<p>\u041f\u043e\u0434\u0434\u0435\u0440\u0436\u0438\u0442\u0435 \u043e\u0442\u0435\u0447\u0435\u0441\u0442\u0432\u0435\u043d\u043d\u043e\u0435, \u0438 \u043e\u0442\u0435\u0447\u0435\u0441\u0442\u0432\u0435\u043d\u043d\u043e\u0435 \u043f\u043e\u0434\u0434\u0435\u0440\u0436\u0438\u0442 \u0412\u0430\u0441!<\/p>\n<\/blockquote> <cite class=\"author\" itemprop=\"author\" itemscope itemtype=\"http:\/\/schema.org\/Person\"><span itemprop=\"name\">\u0425\u0435\u043b\u0435\u043d \u041f\u044f\u0445\u043a\u0435\u043b\u044c\u043c\u0430\u043d\u043d<\/span> <span class=\"title\" itemprop=\"jobTitle\">\u0434\u0438\u0440\u0435\u043a\u0442\u043e\u0440 \u043f\u043e \u043f\u0440\u043e\u0434\u0430\u0436\u0430\u043c \u0438 \u043c\u0430\u0440\u043a\u0435\u0442\u0438\u043d\u0433\u0443 Remedia AS<\/span><!--\/.title-->\n <span class=\"url\"><a href=\"http:\/\/www.remedia.ee\" itemprop=\"url\">http:\/\/www.remedia.ee<\/a><\/span><!--\/.excerpt-->\n<\/cite><!--\/.author-->\n<\/div><\/div><!--\/.testimonials-list-->\n<div class=\"fix\"><\/div>\n<\/div><!--\/.testimonials-->\n<\/div>\n\n","protected":false},"excerpt":{"rendered":"<p>\u0417\u0430\u0439\u0434\u0438\u0442\u0435 \u0441\u044e\u0434\u0430, \u0447\u0442\u043e\u0431\u044b \u0431\u043e\u043b\u044c\u0448\u0435 \u0443\u0437\u043d\u0430\u0442\u044c \u043e \u0442\u043e\u043c, \u0447\u0442\u043e \u0434\u0443\u043c\u0430\u044e\u0442 \u043e \u043d\u0430\u0441 \u043a\u043b\u0438\u0435\u043d\u0442\u044b.<\/p>\n","protected":false},"author":5,"featured_media":501,"parent":0,"menu_order":4,"comment_status":"closed","ping_status":"closed","template":"","meta":{"_monsterinsights_skip_tracking":false,"_monsterinsights_sitenote_active":false,"_monsterinsights_sitenote_note":"","_monsterinsights_sitenote_category":0,"footnotes":""},"tags":[],"class_list":["post-1329","page","type-page","status-publish","has-post-thumbnail","hentry"],"yoast_head":"<!-- This site is optimized with the Yoast SEO plugin v25.0 - https:\/\/yoast.com\/wordpress\/plugins\/seo\/ -->\n<title>\u041e\u0442\u0437\u044b\u0432\u044b \u043a\u043b\u0438\u0435\u043d\u0442\u043e\u0432 - PACKWELL<\/title>\n<meta name=\"robots\" content=\"index, follow, max-snippet:-1, max-image-preview:large, max-video-preview:-1\" \/>\n<link rel=\"canonical\" href=\"https:\/\/packwell.ee\/kliendi-tagasiside\/\" \/>\n<meta property=\"og:locale\" content=\"ru_RU\" \/>\n<meta property=\"og:type\" content=\"article\" \/>\n<meta property=\"og:title\" content=\"\u041e\u0442\u0437\u044b\u0432\u044b \u043a\u043b\u0438\u0435\u043d\u0442\u043e\u0432 - PACKWELL\" \/>\n<meta property=\"og:description\" content=\"\u0417\u0430\u0439\u0434\u0438\u0442\u0435 \u0441\u044e\u0434\u0430, \u0447\u0442\u043e\u0431\u044b \u0431\u043e\u043b\u044c\u0448\u0435 \u0443\u0437\u043d\u0430\u0442\u044c \u043e \u0442\u043e\u043c, \u0447\u0442\u043e \u0434\u0443\u043c\u0430\u044e\u0442 \u043e \u043d\u0430\u0441 \u043a\u043b\u0438\u0435\u043d\u0442\u044b.\" \/>\n<meta property=\"og:url\" content=\"https:\/\/packwell.ee\/kliendi-tagasiside\/\" \/>\n<meta property=\"og:site_name\" content=\"PACKWELL\" \/>\n<meta property=\"article:modified_time\" content=\"2016-07-13T17:42:09+00:00\" \/>\n<meta property=\"og:image\" content=\"https:\/\/packwell.ee\/wp-content\/uploads\/2015\/11\/Conversation-Bubbles-21.png\" \/>\n\t<meta property=\"og:image:width\" content=\"425\" \/>\n\t<meta property=\"og:image:height\" content=\"282\" \/>\n\t<meta property=\"og:image:type\" content=\"image\/png\" \/>\n<meta name=\"twitter:card\" content=\"summary_large_image\" \/>\n<script type=\"application\/ld+json\" class=\"yoast-schema-graph\">{\"@context\":\"https:\/\/schema.org\",\"@graph\":[{\"@type\":\"WebPage\",\"@id\":\"https:\/\/packwell.ee\/kliendi-tagasiside\/\",\"url\":\"https:\/\/packwell.ee\/kliendi-tagasiside\/\",\"name\":\"\u041e\u0442\u0437\u044b\u0432\u044b \u043a\u043b\u0438\u0435\u043d\u0442\u043e\u0432 - PACKWELL\",\"isPartOf\":{\"@id\":\"https:\/\/packwell.ee\/#website\"},\"primaryImageOfPage\":{\"@id\":\"https:\/\/packwell.ee\/kliendi-tagasiside\/#primaryimage\"},\"image\":{\"@id\":\"https:\/\/packwell.ee\/kliendi-tagasiside\/#primaryimage\"},\"thumbnailUrl\":\"\/wp-content\/uploads\/2015\/11\/Conversation-Bubbles-21.png\",\"datePublished\":\"2016-07-13T17:24:28+00:00\",\"dateModified\":\"2016-07-13T17:42:09+00:00\",\"breadcrumb\":{\"@id\":\"https:\/\/packwell.ee\/kliendi-tagasiside\/#breadcrumb\"},\"inLanguage\":\"ru-RU\",\"potentialAction\":[{\"@type\":\"ReadAction\",\"target\":[\"https:\/\/packwell.ee\/kliendi-tagasiside\/\"]}]},{\"@type\":\"ImageObject\",\"inLanguage\":\"ru-RU\",\"@id\":\"https:\/\/packwell.ee\/kliendi-tagasiside\/#primaryimage\",\"url\":\"\/wp-content\/uploads\/2015\/11\/Conversation-Bubbles-21.png\",\"contentUrl\":\"\/wp-content\/uploads\/2015\/11\/Conversation-Bubbles-21.png\",\"width\":425,\"height\":282},{\"@type\":\"BreadcrumbList\",\"@id\":\"https:\/\/packwell.ee\/kliendi-tagasiside\/#breadcrumb\",\"itemListElement\":[{\"@type\":\"ListItem\",\"position\":1,\"name\":\"Home\",\"item\":\"https:\/\/packwell.ee\/\"},{\"@type\":\"ListItem\",\"position\":2,\"name\":\"\u041e\u0442\u0437\u044b\u0432\u044b \u043a\u043b\u0438\u0435\u043d\u0442\u043e\u0432\"}]},{\"@type\":\"WebSite\",\"@id\":\"https:\/\/packwell.ee\/#website\",\"url\":\"https:\/\/packwell.ee\/\",\"name\":\"PACKWELL\",\"description\":\"J\u00e4rjekordne WordPressi veebileht\",\"potentialAction\":[{\"@type\":\"SearchAction\",\"target\":{\"@type\":\"EntryPoint\",\"urlTemplate\":\"https:\/\/packwell.ee\/search\/{search_term_string}\"},\"query-input\":{\"@type\":\"PropertyValueSpecification\",\"valueRequired\":true,\"valueName\":\"search_term_string\"}}],\"inLanguage\":\"ru-RU\"}]}<\/script>\n<!-- \/ Yoast SEO plugin. -->","yoast_head_json":{"title":"\u041e\u0442\u0437\u044b\u0432\u044b \u043a\u043b\u0438\u0435\u043d\u0442\u043e\u0432 - PACKWELL","robots":{"index":"index","follow":"follow","max-snippet":"max-snippet:-1","max-image-preview":"max-image-preview:large","max-video-preview":"max-video-preview:-1"},"canonical":"https:\/\/packwell.ee\/kliendi-tagasiside\/","og_locale":"ru_RU","og_type":"article","og_title":"\u041e\u0442\u0437\u044b\u0432\u044b \u043a\u043b\u0438\u0435\u043d\u0442\u043e\u0432 - PACKWELL","og_description":"\u0417\u0430\u0439\u0434\u0438\u0442\u0435 \u0441\u044e\u0434\u0430, \u0447\u0442\u043e\u0431\u044b \u0431\u043e\u043b\u044c\u0448\u0435 \u0443\u0437\u043d\u0430\u0442\u044c \u043e \u0442\u043e\u043c, \u0447\u0442\u043e \u0434\u0443\u043c\u0430\u044e\u0442 \u043e \u043d\u0430\u0441 \u043a\u043b\u0438\u0435\u043d\u0442\u044b.","og_url":"https:\/\/packwell.ee\/kliendi-tagasiside\/","og_site_name":"PACKWELL","article_modified_time":"2016-07-13T17:42:09+00:00","og_image":[{"width":425,"height":282,"url":"https:\/\/packwell.ee\/wp-content\/uploads\/2015\/11\/Conversation-Bubbles-21.png","type":"image\/png"}],"twitter_card":"summary_large_image","schema":{"@context":"https:\/\/schema.org","@graph":[{"@type":"WebPage","@id":"https:\/\/packwell.ee\/kliendi-tagasiside\/","url":"https:\/\/packwell.ee\/kliendi-tagasiside\/","name":"\u041e\u0442\u0437\u044b\u0432\u044b \u043a\u043b\u0438\u0435\u043d\u0442\u043e\u0432 - PACKWELL","isPartOf":{"@id":"https:\/\/packwell.ee\/#website"},"primaryImageOfPage":{"@id":"https:\/\/packwell.ee\/kliendi-tagasiside\/#primaryimage"},"image":{"@id":"https:\/\/packwell.ee\/kliendi-tagasiside\/#primaryimage"},"thumbnailUrl":"\/wp-content\/uploads\/2015\/11\/Conversation-Bubbles-21.png","datePublished":"2016-07-13T17:24:28+00:00","dateModified":"2016-07-13T17:42:09+00:00","breadcrumb":{"@id":"https:\/\/packwell.ee\/kliendi-tagasiside\/#breadcrumb"},"inLanguage":"ru-RU","potentialAction":[{"@type":"ReadAction","target":["https:\/\/packwell.ee\/kliendi-tagasiside\/"]}]},{"@type":"ImageObject","inLanguage":"ru-RU","@id":"https:\/\/packwell.ee\/kliendi-tagasiside\/#primaryimage","url":"\/wp-content\/uploads\/2015\/11\/Conversation-Bubbles-21.png","contentUrl":"\/wp-content\/uploads\/2015\/11\/Conversation-Bubbles-21.png","width":425,"height":282},{"@type":"BreadcrumbList","@id":"https:\/\/packwell.ee\/kliendi-tagasiside\/#breadcrumb","itemListElement":[{"@type":"ListItem","position":1,"name":"Home","item":"https:\/\/packwell.ee\/"},{"@type":"ListItem","position":2,"name":"\u041e\u0442\u0437\u044b\u0432\u044b \u043a\u043b\u0438\u0435\u043d\u0442\u043e\u0432"}]},{"@type":"WebSite","@id":"https:\/\/packwell.ee\/#website","url":"https:\/\/packwell.ee\/","name":"PACKWELL","description":"J\u00e4rjekordne WordPressi veebileht","potentialAction":[{"@type":"SearchAction","target":{"@type":"EntryPoint","urlTemplate":"https:\/\/packwell.ee\/search\/{search_term_string}"},"query-input":{"@type":"PropertyValueSpecification","valueRequired":true,"valueName":"search_term_string"}}],"inLanguage":"ru-RU"}]}},"_links":{"self":[{"href":"https:\/\/packwell.ee\/ru\/wp-json\/wp\/v2\/pages\/1329","targetHints":{"allow":["GET"]}}],"collection":[{"href":"https:\/\/packwell.ee\/ru\/wp-json\/wp\/v2\/pages"}],"about":[{"href":"https:\/\/packwell.ee\/ru\/wp-json\/wp\/v2\/types\/page"}],"author":[{"embeddable":true,"href":"https:\/\/packwell.ee\/ru\/wp-json\/wp\/v2\/users\/5"}],"replies":[{"embeddable":true,"href":"https:\/\/packwell.ee\/ru\/wp-json\/wp\/v2\/comments?post=1329"}],"version-history":[{"count":2,"href":"https:\/\/packwell.ee\/ru\/wp-json\/wp\/v2\/pages\/1329\/revisions"}],"predecessor-version":[{"id":1336,"href":"https:\/\/packwell.ee\/ru\/wp-json\/wp\/v2\/pages\/1329\/revisions\/1336"}],"wp:featuredmedia":[{"embeddable":true,"href":"https:\/\/packwell.ee\/ru\/wp-json\/wp\/v2\/media\/501"}],"wp:attachment":[{"href":"https:\/\/packwell.ee\/ru\/wp-json\/wp\/v2\/media?parent=1329"}],"wp:term":[{"taxonomy":"post_tag","embeddable":true,"href":"https:\/\/packwell.ee\/ru\/wp-json\/wp\/v2\/tags?post=1329"}],"curies":[{"name":"wp","href":"https:\/\/api.w.org\/{rel}","templated":true}]}}